{"id":524,"date":"2024-03-20T11:21:30","date_gmt":"2024-03-20T09:21:30","guid":{"rendered":"https:\/\/www.1estate.ee\/?page_id=524"},"modified":"2024-03-20T11:29:39","modified_gmt":"2024-03-20T09:29:39","slug":"aitah","status":"publish","type":"page","link":"https:\/\/1estate.ee\/en\/aitah\/","title":{"rendered":"Ait\u00e4h"},"content":{"rendered":"<div data-elementor-type=\"wp-page\" data-elementor-id=\"524\" class=\"elementor elementor-524\" data-elementor-post-type=\"page\">\n\t\t\t\t<div class=\"elementor-element elementor-element-54e8c8a e-flex e-con-boxed e-con e-parent\" data-id=\"54e8c8a\" data-element_type=\"container\" data-settings=\"{&quot;background_background&quot;:&quot;classic&quot;}\">\n\t\t\t\t\t<div class=\"e-con-inner\">\n\t\t<div class=\"elementor-element elementor-element-6f1d5e3 e-flex e-con-boxed e-con e-child\" data-id=\"6f1d5e3\" data-element_type=\"container\">\n\t\t\t\t\t<div class=\"e-con-inner\">\n\t\t\t\t<div class=\"elementor-element elementor-element-c71715f elementor-widget elementor-widget-heading\" data-id=\"c71715f\" data-element_type=\"widget\" data-widget_type=\"heading.default\">\n\t\t\t\t<div class=\"elementor-widget-container\">\n\t\t\t\t\t<h1 class=\"elementor-heading-title elementor-size-default\">Thank you for your message!<\/h1>\t\t\t\t<\/div>\n\t\t\t\t<\/div>\n\t\t\t\t<div class=\"elementor-element elementor-element-90df7e7 elementor-widget-divider--view-line elementor-widget elementor-widget-divider\" data-id=\"90df7e7\" data-element_type=\"widget\" data-widget_type=\"divider.default\">\n\t\t\t\t<div class=\"elementor-widget-container\">\n\t\t\t\t\t\t\t<div class=\"elementor-divider\">\n\t\t\t<span class=\"elementor-divider-separator\">\n\t\t\t\t\t\t<\/span>\n\t\t<\/div>\n\t\t\t\t\t\t<\/div>\n\t\t\t\t<\/div>\n\t\t\t\t<div class=\"elementor-element elementor-element-1aca429 elementor-widget elementor-widget-text-editor\" data-id=\"1aca429\" data-element_type=\"widget\" data-widget_type=\"text-editor.default\">\n\t\t\t\t<div class=\"elementor-widget-container\">\n\t\t\t\t\t\t\t\t\t<p><span style=\"font-weight: 400;\">We'll get back to you as soon as possible. In the meanwhile, check out our <a href=\"https:\/\/www.instagram.com\/1estate_kinnisvara\/\">Instagram account<\/a> or blog.<\/span><\/p>\t\t\t\t\t\t\t\t<\/div>\n\t\t\t\t<\/div>\n\t\t\t\t\t<\/div>\n\t\t\t\t<\/div>\n\t\t\t\t\t<\/div>\n\t\t\t\t<\/div>\n\t\t\t\t<\/div>","protected":false},"excerpt":{"rendered":"<p>Ait\u00e4h, sinu kiri on saadetud! Vastame esimesel v\u00f5imalusel. Seniks aga kiika meie Instagrami kontot v\u00f5i Blogi.<\/p>","protected":false},"author":1,"featured_media":0,"parent":0,"menu_order":0,"comment_status":"closed","ping_status":"closed","template":"elementor_header_footer","meta":{"footnotes":""},"class_list":["post-524","page","type-page","status-publish","hentry"],"acf":[],"aioseo_notices":[],"_links":{"self":[{"href":"https:\/\/1estate.ee\/en\/wp-json\/wp\/v2\/pages\/524","targetHints":{"allow":["GET"]}}],"collection":[{"href":"https:\/\/1estate.ee\/en\/wp-json\/wp\/v2\/pages"}],"about":[{"href":"https:\/\/1estate.ee\/en\/wp-json\/wp\/v2\/types\/page"}],"author":[{"embeddable":true,"href":"https:\/\/1estate.ee\/en\/wp-json\/wp\/v2\/users\/1"}],"replies":[{"embeddable":true,"href":"https:\/\/1estate.ee\/en\/wp-json\/wp\/v2\/comments?post=524"}],"version-history":[{"count":4,"href":"https:\/\/1estate.ee\/en\/wp-json\/wp\/v2\/pages\/524\/revisions"}],"predecessor-version":[{"id":529,"href":"https:\/\/1estate.ee\/en\/wp-json\/wp\/v2\/pages\/524\/revisions\/529"}],"wp:attachment":[{"href":"https:\/\/1estate.ee\/en\/wp-json\/wp\/v2\/media?parent=524"}],"curies":[{"name":"wp","href":"https:\/\/api.w.org\/{rel}","templated":true}]}}